{"id":3524,"date":"2020-03-24T16:40:12","date_gmt":"2020-03-24T16:40:12","guid":{"rendered":"http:\/\/www.histein.de\/voegel\/?page_id=3524"},"modified":"2023-05-10T18:00:14","modified_gmt":"2023-05-10T18:00:14","slug":"andere-tiere","status":"publish","type":"page","link":"https:\/\/www.histein.de\/voegel\/andere-tiere\/","title":{"rendered":"Andere Tiere"},"content":{"rendered":"\n<p class=\"has-text-align-left\" style=\"font-size:17px\">Nat\u00fcrlich begegnet man bei der Vogelbeobachtung und wenn man unterwegs ist auch vielen anderen wunderbaren Tieren. Einige dabei gelungene Fotos m\u00f6chte ich nach und nach auf dieser Seite vorstellen. Wurde kein Aufnahmeort angegeben, entstanden die Bilder in Th\u00fcringen. <br>Auch hier zum Vergr\u00f6\u00dfern der kleinen Vorschaubilder bitte ins Bild klicken, ebenso zum Beenden der Gro\u00dfansicht. <\/p>\n\n\n\n<div style=\"height:30px\" aria-hidden=\"true\" class=\"wp-block-spacer\"><\/div>\n\n\n\n<h1 class=\"wp-block-heading has-text-align-center has-text-color\" style=\"color:#000000\">S\u00c4UGETIERE<\/h1>\n\n\n\n<div style=\"height:20px\" aria-hidden=\"true\" class=\"wp-block-spacer\"><\/div>\n\n\n<div class=\"wp-block-image\">\n<figure class=\"aligncenter size-large\"><img loading=\"lazy\" decoding=\"async\" width=\"1024\" height=\"714\" src=\"https:\/\/www.histein.de\/voegel\/wp-content\/uploads\/2020\/03\/ng1508-1024x714.jpg\" alt=\"\" class=\"wp-image-3526\" srcset=\"https:\/\/www.histein.de\/voegel\/wp-content\/uploads\/2020\/03\/ng1508-1024x714.jpg 1024w, https:\/\/www.histein.de\/voegel\/wp-content\/uploads\/2020\/03\/ng1508-300x209.jpg 300w, https:\/\/www.histein.de\/voegel\/wp-content\/uploads\/2020\/03\/ng1508-768x536.jpg 768w, https:\/\/www.histein.de\/voegel\/wp-content\/uploads\/2020\/03\/ng1508-1536x1071.jpg 1536w, https:\/\/www.histein.de\/voegel\/wp-content\/uploads\/2020\/03\/ng1508.jpg 1600w\" sizes=\"auto, (max-width: 1024px) 100vw, 1024px\" \/><figcaption class=\"wp-element-caption\">Junger Steinmarder in den Schweizer Alpen Juni 2015<\/figcaption><\/figure><\/div>\n\n\n<div style=\"height:20px\" aria-hidden=\"true\" class=\"wp-block-spacer\"><\/div>\n\n\n\n<h2 class=\"wp-block-heading has-text-align-center\">Alpensteinbock (Gemeiner Steinbock)<\/h2>\n\n\n\n<p class=\"has-text-align-center has-normal-font-size\">Die Weibchen und Jungtiere dieser Steinbockherde leben in der Region Aosta am Miagegletcher. (September 2014)<\/p>\n\n\n\nngg_shortcode_0_placeholder\n\n\n\n<div style=\"height:20px\" aria-hidden=\"true\" class=\"wp-block-spacer\"><\/div>\n\n\n\n<h2 class=\"wp-block-heading has-text-align-center\">Europ\u00e4ischer Ziesel (Schlichtziesel)<\/h2>\n\n\n\n<p class=\"has-text-align-center has-normal-font-size\">In einer Kolonie im Umkreis der Zipser Burg in der Slowakei leben diese Ziesel. (September 2015)<\/p>\n\n\n\nngg_shortcode_1_placeholder\n\n\n\n<div style=\"height:20px\" aria-hidden=\"true\" class=\"wp-block-spacer\"><\/div>\n\n\n\n<h2 class=\"wp-block-heading has-text-align-center\">G\u00e4mse<\/h2>\n\n\n\nngg_shortcode_2_placeholder\n\n\n\n<div style=\"height:20px\" aria-hidden=\"true\" class=\"wp-block-spacer\"><\/div>\n\n\n\n<h2 class=\"wp-block-heading has-text-align-center\">Gro\u00dfes Wiesel (Hermelin, Kurzschwanzwiesel)<\/h2>\n\n\n\n<p class=\"has-text-align-center\">Diese Wieselfamilie lief mir auf der Halbinsel Varanger in Norwegen fast \u00fcber die F\u00fc\u00dfe, als ich eigentlich gerade dabei war, mit dem Fernglas Ausschau nach Watv\u00f6geln zu halten. (Juli 2019) <\/p>\n\n\n\nngg_shortcode_3_placeholder\n\n\n\n<div style=\"height:20px\" aria-hidden=\"true\" class=\"wp-block-spacer\"><\/div>\n\n\n\n<h2 class=\"wp-block-heading has-text-align-center\">Ren (Rentier)<\/h2>\n\n\n\nngg_shortcode_4_placeholder\n\n\n\n<div style=\"height:20px\" aria-hidden=\"true\" class=\"wp-block-spacer\"><\/div>\n\n\n\n<h2 class=\"wp-block-heading has-text-align-center\">Verschiedene S\u00e4ugetiere<\/h2>\n\n\n\nngg_shortcode_5_placeholder\n\n\n\n<p class=\"has-text-align-center has-normal-font-size\">Von der <a rel=\"noreferrer noopener\" href=\"https:\/\/www.youtube.com\/watch?v=rASAdHJB8JQ\" target=\"_blank\"><strong>Feldmaus<\/strong><\/a> und vom <a rel=\"noreferrer noopener\" href=\"https:\/\/www.youtube.com\/watch?v=Kdv3Z1vSDmQ&amp;t=3s\" target=\"_blank\"><strong>Mink<\/strong><\/a> gibt es auch noch kleine Videos. Zum Anschauen auf YouTube einfach auf ihre Namen klicken.<\/p>\n\n\n\n<div style=\"height:40px\" aria-hidden=\"true\" class=\"wp-block-spacer\"><\/div>\n\n\n\n<h1 class=\"wp-block-heading has-text-align-center has-text-color\" style=\"color:#000000\">INSEKTEN<\/h1>\n\n\n\n<div style=\"height:20px\" aria-hidden=\"true\" class=\"wp-block-spacer\"><\/div>\n\n\n<div class=\"wp-block-image\">\n<figure class=\"aligncenter size-large\"><img loading=\"lazy\" decoding=\"async\" width=\"1024\" height=\"576\" src=\"https:\/\/www.histein.de\/voegel\/wp-content\/uploads\/2020\/03\/Schwalbenschwanz-1024x576.jpg\" alt=\"\" class=\"wp-image-3535\" srcset=\"https:\/\/www.histein.de\/voegel\/wp-content\/uploads\/2020\/03\/Schwalbenschwanz-1024x576.jpg 1024w, https:\/\/www.histein.de\/voegel\/wp-content\/uploads\/2020\/03\/Schwalbenschwanz-300x169.jpg 300w, https:\/\/www.histein.de\/voegel\/wp-content\/uploads\/2020\/03\/Schwalbenschwanz-768x432.jpg 768w, https:\/\/www.histein.de\/voegel\/wp-content\/uploads\/2020\/03\/Schwalbenschwanz.jpg 1200w\" sizes=\"auto, (max-width: 1024px) 100vw, 1024px\" \/><figcaption class=\"wp-element-caption\">Schwalbenschwanz April 2014<\/figcaption><\/figure><\/div>\n\n\n<div style=\"height:20px\" aria-hidden=\"true\" class=\"wp-block-spacer\"><\/div>\n\n\n\n<h2 class=\"wp-block-heading has-text-align-center\">Feldgrille<\/h2>\n\n\n\nngg_shortcode_6_placeholder\n\n\n\n<p class=\"has-text-align-center\">Und hier kann man ein h\u00fcbsches Feldgrillenm\u00e4nnchen nicht nur sehen sondern auch zirpen h\u00f6ren: <a rel=\"noreferrer noopener\" href=\"https:\/\/www.youtube.com\/watch?v=2pk23LhDF58\" target=\"_blank\">Klick zu YouTube<\/a><\/p>\n\n\n\n<div style=\"height:20px\" aria-hidden=\"true\" class=\"wp-block-spacer\"><\/div>\n\n\n\n<h2 class=\"wp-block-heading has-text-align-center\">Gr\u00fcnes Heupferd (Gro\u00dfes Heupferd, Gro\u00dfes gr\u00fcnes Heupferd, <strong>Gr\u00fcne Laubheuschrecke<\/strong>)<\/h2>\n\n\n\nngg_shortcode_7_placeholder\n\n\n\n<div style=\"height:20px\" aria-hidden=\"true\" class=\"wp-block-spacer\"><\/div>\n\n\n\n<h2 class=\"wp-block-heading has-text-align-center\">Schmetterlinge und Raupen<\/h2>\n\n\n\nngg_shortcode_8_placeholder\n<div class=\"pvc_clear\"><\/div><p id=\"pvc_stats_3524\" class=\"pvc_stats all  \" data-element-id=\"3524\" style=\"\"><i class=\"pvc-stats-icon medium\" aria-hidden=\"true\"><svg aria-hidden=\"true\" focusable=\"false\" data-prefix=\"far\" data-icon=\"chart-bar\" role=\"img\" xmlns=\"http:\/\/www.w3.org\/2000\/svg\" viewBox=\"0 0 512 512\" class=\"svg-inline--fa fa-chart-bar fa-w-16 fa-2x\"><path fill=\"currentColor\" d=\"M396.8 352h22.4c6.4 0 12.8-6.4 12.8-12.8V108.8c0-6.4-6.4-12.8-12.8-12.8h-22.4c-6.4 0-12.8 6.4-12.8 12.8v230.4c0 6.4 6.4 12.8 12.8 12.8zm-192 0h22.4c6.4 0 12.8-6.4 12.8-12.8V140.8c0-6.4-6.4-12.8-12.8-12.8h-22.4c-6.4 0-12.8 6.4-12.8 12.8v198.4c0 6.4 6.4 12.8 12.8 12.8zm96 0h22.4c6.4 0 12.8-6.4 12.8-12.8V204.8c0-6.4-6.4-12.8-12.8-12.8h-22.4c-6.4 0-12.8 6.4-12.8 12.8v134.4c0 6.4 6.4 12.8 12.8 12.8zM496 400H48V80c0-8.84-7.16-16-16-16H16C7.16 64 0 71.16 0 80v336c0 17.67 14.33 32 32 32h464c8.84 0 16-7.16 16-16v-16c0-8.84-7.16-16-16-16zm-387.2-48h22.4c6.4 0 12.8-6.4 12.8-12.8v-70.4c0-6.4-6.4-12.8-12.8-12.8h-22.4c-6.4 0-12.8 6.4-12.8 12.8v70.4c0 6.4 6.4 12.8 12.8 12.8z\" class=\"\"><\/path><\/svg><\/i> <img loading=\"lazy\" decoding=\"async\" width=\"16\" height=\"16\" alt=\"Loading\" src=\"https:\/\/www.histein.de\/voegel\/wp-content\/plugins\/page-views-count\/ajax-loader-2x.gif\" border=0 \/><\/p><div class=\"pvc_clear\"><\/div>","protected":false},"excerpt":{"rendered":"<p>Nat\u00fcrlich begegnet man bei der Vogelbeobachtung und wenn man unterwegs ist auch vielen anderen wunderbaren Tieren. Einige dabei gelungene Fotos m\u00f6chte ich nach und nach auf dieser Seite vorstellen. Wurde kein Aufnahmeort angegeben, entstanden die Bilder in Th\u00fcringen. Auch hier zum Vergr\u00f6\u00dfern der kleinen Vorschaubilder bitte ins Bild klicken, ebenso zum Beenden der Gro\u00dfansicht. S\u00c4UGETIERE &hellip; <\/p>\n<p><a class=\"more-link btn\" href=\"https:\/\/www.histein.de\/voegel\/andere-tiere\/\">Weiterlesen<\/a><\/p>\n<div class=\"pvc_clear\"><\/div>\n<p id=\"pvc_stats_3524\" class=\"pvc_stats all  \" data-element-id=\"3524\" style=\"\"><i class=\"pvc-stats-icon medium\" aria-hidden=\"true\"><svg aria-hidden=\"true\" focusable=\"false\" data-prefix=\"far\" data-icon=\"chart-bar\" role=\"img\" xmlns=\"http:\/\/www.w3.org\/2000\/svg\" viewBox=\"0 0 512 512\" class=\"svg-inline--fa fa-chart-bar fa-w-16 fa-2x\"><path fill=\"currentColor\" d=\"M396.8 352h22.4c6.4 0 12.8-6.4 12.8-12.8V108.8c0-6.4-6.4-12.8-12.8-12.8h-22.4c-6.4 0-12.8 6.4-12.8 12.8v230.4c0 6.4 6.4 12.8 12.8 12.8zm-192 0h22.4c6.4 0 12.8-6.4 12.8-12.8V140.8c0-6.4-6.4-12.8-12.8-12.8h-22.4c-6.4 0-12.8 6.4-12.8 12.8v198.4c0 6.4 6.4 12.8 12.8 12.8zm96 0h22.4c6.4 0 12.8-6.4 12.8-12.8V204.8c0-6.4-6.4-12.8-12.8-12.8h-22.4c-6.4 0-12.8 6.4-12.8 12.8v134.4c0 6.4 6.4 12.8 12.8 12.8zM496 400H48V80c0-8.84-7.16-16-16-16H16C7.16 64 0 71.16 0 80v336c0 17.67 14.33 32 32 32h464c8.84 0 16-7.16 16-16v-16c0-8.84-7.16-16-16-16zm-387.2-48h22.4c6.4 0 12.8-6.4 12.8-12.8v-70.4c0-6.4-6.4-12.8-12.8-12.8h-22.4c-6.4 0-12.8 6.4-12.8 12.8v70.4c0 6.4 6.4 12.8 12.8 12.8z\" class=\"\"><\/path><\/svg><\/i> <img loading=\"lazy\" decoding=\"async\" width=\"16\" height=\"16\" alt=\"Loading\" src=\"https:\/\/www.histein.de\/voegel\/wp-content\/plugins\/page-views-count\/ajax-loader-2x.gif\" border=0 \/><\/p>\n<div class=\"pvc_clear\"><\/div>\n","protected":false},"author":1,"featured_media":0,"parent":0,"menu_order":2,"comment_status":"closed","ping_status":"closed","template":"template-onecolumn.php","meta":{"ngg_post_thumbnail":0,"footnotes":""},"class_list":["post-3524","page","type-page","status-publish","hentry","nodate","item-wrap"],"_links":{"self":[{"href":"https:\/\/www.histein.de\/voegel\/wp-json\/wp\/v2\/pages\/3524","targetHints":{"allow":["GET"]}}],"collection":[{"href":"https:\/\/www.histein.de\/voegel\/wp-json\/wp\/v2\/pages"}],"about":[{"href":"https:\/\/www.histein.de\/voegel\/wp-json\/wp\/v2\/types\/page"}],"author":[{"embeddable":true,"href":"https:\/\/www.histein.de\/voegel\/wp-json\/wp\/v2\/users\/1"}],"replies":[{"embeddable":true,"href":"https:\/\/www.histein.de\/voegel\/wp-json\/wp\/v2\/comments?post=3524"}],"version-history":[{"count":31,"href":"https:\/\/www.histein.de\/voegel\/wp-json\/wp\/v2\/pages\/3524\/revisions"}],"predecessor-version":[{"id":4876,"href":"https:\/\/www.histein.de\/voegel\/wp-json\/wp\/v2\/pages\/3524\/revisions\/4876"}],"wp:attachment":[{"href":"https:\/\/www.histein.de\/voegel\/wp-json\/wp\/v2\/media?parent=3524"}],"curies":[{"name":"wp","href":"https:\/\/api.w.org\/{rel}","templated":true}]}}